{"id":165,"date":"2024-05-20T11:59:09","date_gmt":"2024-05-20T09:59:09","guid":{"rendered":"https:\/\/gallettidigallarate.com\/?page_id=165"},"modified":"2024-07-06T18:13:19","modified_gmt":"2024-07-06T16:13:19","slug":"galletti-di-gallarate","status":"publish","type":"page","link":"https:\/\/gallettidigallarate.com\/index.php\/galletti-di-gallarate\/","title":{"rendered":"Galletti di Gallarate"},"content":{"rendered":"\n<div class=\"wp-block-media-text has-media-on-the-right is-stacked-on-mobile\" style=\"grid-template-columns:auto 37%\"><div class=\"wp-block-media-text__content\">\n<h3 class=\"wp-block-heading\">L&#8217;ispirazione<\/h3>\n\n\n\n<p>Oggi vi racconto di come sono nati i Galletti di Gallarate. Una mattina come tante, i coniugi proprietari della casa del tortellino di Gallarate, andarono nel solito bar a prendere un caff\u00e8 e una brioches per risollevarsi dalla levataccia. Distratti fra una chiacchiera e l\u2019altra, a Michele cadde l\u2019occhio sulla prima pagina del giornale locale che riportava l\u2019ennesima notizia di un paesino vicino che intitolava un altro dolce alla propria citt\u00e0 e nella sua testa pens\u00f2:\u201dChe barba! Un altro dolce dedicato alla citt\u00e0! Mai nessuno che crei altro..\u201d.<\/p>\n\n\n\n<p>Quel pensiero lo accompagn\u00f2 per giorni finch\u00e9 esclam\u00f2;\u201d Basta! Ora faccio io un bel regalo alla mia citt\u00e0! Creer\u00f2 i Galletti di Gallarate!\u201d.<\/p>\n\n\n\n<h3 class=\"wp-block-heading\">La decisione<\/h3>\n\n\n\n<p>Michele era un omino piccolino che da giovane, dopo mille vicissitudini familiari, conobbe Ornella, una bellissima ragazza meridionale di cui si innamor\u00f2 perdutamente, tanto da convincersi che la sua vita sarebbe dovuta continuare soltanto accanto a lei. Fece armi e bagagli e si trasfer\u00ec a Gallarate.<\/p>\n\n\n\n<p><\/p>\n<\/div><figure class=\"wp-block-media-text__media\"><img loading=\"lazy\" decoding=\"async\" width=\"843\" height=\"1024\" src=\"https:\/\/gallettidigallarate-com.preview-domain.com\/wp-content\/uploads\/2024\/05\/d6e4fe99-01fe-4fce-8832-d07d801bf6ba-843x1024.jpg\" alt=\"\" class=\"wp-image-233 size-full\"\/><\/figure><\/div>\n\n\n\n<div class=\"wp-block-media-text is-stacked-on-mobile\" style=\"grid-template-columns:38% auto\"><figure class=\"wp-block-media-text__media\"><img loading=\"lazy\" decoding=\"async\" width=\"1024\" height=\"928\" src=\"https:\/\/gallettidigallarate.com\/wp-content\/uploads\/2024\/05\/485236ad-3b60-4c92-af03-d177b0ca9894-scaled-e1716654799772-1024x928.jpg\" alt=\"i Galletti di Gallarate\" class=\"wp-image-232 size-full\" srcset=\"https:\/\/gallettidigallarate.com\/wp-content\/uploads\/2024\/05\/485236ad-3b60-4c92-af03-d177b0ca9894-scaled-e1716654799772-1024x928.jpg 1024w, https:\/\/gallettidigallarate.com\/wp-content\/uploads\/2024\/05\/485236ad-3b60-4c92-af03-d177b0ca9894-scaled-e1716654799772-900x816.jpg 900w, https:\/\/gallettidigallarate.com\/wp-content\/uploads\/2024\/05\/485236ad-3b60-4c92-af03-d177b0ca9894-scaled-e1716654799772-300x272.jpg 300w, https:\/\/gallettidigallarate.com\/wp-content\/uploads\/2024\/05\/485236ad-3b60-4c92-af03-d177b0ca9894-scaled-e1716654799772-768x696.jpg 768w, https:\/\/gallettidigallarate.com\/wp-content\/uploads\/2024\/05\/485236ad-3b60-4c92-af03-d177b0ca9894-scaled-e1716654799772-1536x1392.jpg 1536w, https:\/\/gallettidigallarate.com\/wp-content\/uploads\/2024\/05\/485236ad-3b60-4c92-af03-d177b0ca9894-scaled-e1716654799772.jpg 1920w\" sizes=\"auto, (max-width: 1024px) 100vw, 1024px\" \/><\/figure><div class=\"wp-block-media-text__content\">\n<h3 class=\"wp-block-heading\">Le origini<\/h3>\n\n\n\n<p>Gallarate \u00e8 un citt\u00e0 di discrete dimensioni ma con una lunghissima storia, famosa prima come importante mercato medievale, poi come citt\u00e0 di imprenditori.<\/p>\n\n\n\n<p>Dopo qualche anno la coppietta, ormai unita in matrimonio e con un piccolo erede, decise di utilizzare i propri risparmi guadagnati con fatica per comprare un minuscolo pastificio di appena 60 metri quadrati dove le capacit\u00e0 culinarie di Michele si sarebbero unite all\u2019infinita gentilezza di Ornella per creare il loro idillio lavorativo.<\/p>\n\n\n\n<p>Nel tempo questo negozietto divenne famoso a Gallarate e sempre di pi\u00f9 i due parteciparono attivamente alle iniziative cittadine.<\/p>\n\n\n\n<h3 class=\"wp-block-heading\">I Galletti di Gallarate<\/h3>\n\n\n\n<p>Ed ecco che un giorno arriv\u00f2 l\u2019illuminazione. \u201cCreer\u00f2 i Galletti di Gallarate!\u201d<\/p>\n<\/div><\/div>\n\n\n\n<div class=\"wp-block-media-text has-media-on-the-right is-stacked-on-mobile\" style=\"grid-template-columns:auto 42%\"><div class=\"wp-block-media-text__content\">\n<p>I pensieri si accumulavano e bisognava decidere la forma e il ripieno di questo nuovo <a href=\"https:\/\/gallettidigallarate.com\/index.php\/product\/galletti-di-gallarate\/\">raviolo<\/a>.<\/p>\n\n\n\n<p>Ma quale forma dare a questo raviolo che sia particolare abbastanza da ricordare la citt\u00e0 ma semplice da poter essere facilmente riprodotta su larga scala? Il simbolo della citt\u00e0 sono proprio due galli, uno rosso e uno bianco. Cosa meglio di una cresta, bianca da una parte e rossa dall\u2019altra per questa prelibatezza?<\/p>\n\n\n\n<p>Ora la cosa pi\u00f9 difficile: il ripieno!<\/p>\n\n\n\n<p>Per trovare il ripieno adatto a questo nuovo cibo bisognava cercare nella storia cittadina. Chi meglio dell\u2019amministrazione locale poteva indirizzare Michele?<\/p>\n\n\n\n<p>Sfogliando i libri storici scopr\u00ec che Gallarate, attraversata dal fiume Arno, fin dal medioevo era un importante porto di scambi commerciali dove passava oro, argento e spezie. In uno di questi libri veniva addirittura raccontato che sulla basilica della citt\u00e0 si potevano ancora scorgere le scodelle usate per il commercio delle spezie e che la pi\u00f9 pregiata di queste era, a quel tempo, lo zafferano.<\/p>\n<\/div><figure class=\"wp-block-media-text__media\"><img loading=\"lazy\" decoding=\"async\" width=\"1024\" height=\"1024\" src=\"https:\/\/gallettidigallarate.com\/wp-content\/uploads\/2024\/05\/89a1e7bc-1e70-48eb-af4d-5711fee3d49c-1024x1024.jpg\" alt=\"I Galletti di Gallarate\" class=\"wp-image-234 size-full\" srcset=\"https:\/\/gallettidigallarate.com\/wp-content\/uploads\/2024\/05\/89a1e7bc-1e70-48eb-af4d-5711fee3d49c-1024x1024.jpg 1024w, https:\/\/gallettidigallarate.com\/wp-content\/uploads\/2024\/05\/89a1e7bc-1e70-48eb-af4d-5711fee3d49c-600x600.jpg 600w, https:\/\/gallettidigallarate.com\/wp-content\/uploads\/2024\/05\/89a1e7bc-1e70-48eb-af4d-5711fee3d49c-100x100.jpg 100w, https:\/\/gallettidigallarate.com\/wp-content\/uploads\/2024\/05\/89a1e7bc-1e70-48eb-af4d-5711fee3d49c-900x900.jpg 900w, https:\/\/gallettidigallarate.com\/wp-content\/uploads\/2024\/05\/89a1e7bc-1e70-48eb-af4d-5711fee3d49c-300x300.jpg 300w, https:\/\/gallettidigallarate.com\/wp-content\/uploads\/2024\/05\/89a1e7bc-1e70-48eb-af4d-5711fee3d49c-150x150.jpg 150w, https:\/\/gallettidigallarate.com\/wp-content\/uploads\/2024\/05\/89a1e7bc-1e70-48eb-af4d-5711fee3d49c-768x768.jpg 768w, https:\/\/gallettidigallarate.com\/wp-content\/uploads\/2024\/05\/89a1e7bc-1e70-48eb-af4d-5711fee3d49c-1536x1536.jpg 1536w, https:\/\/gallettidigallarate.com\/wp-content\/uploads\/2024\/05\/89a1e7bc-1e70-48eb-af4d-5711fee3d49c.jpg 1600w\" sizes=\"auto, (max-width: 1024px) 100vw, 1024px\" \/><\/figure><\/div>\n\n\n\n<div class=\"wp-block-media-text is-stacked-on-mobile\" style=\"grid-template-columns:38% auto\"><figure class=\"wp-block-media-text__media\"><img loading=\"lazy\" decoding=\"async\" width=\"1024\" height=\"571\" src=\"https:\/\/gallettidigallarate-com.preview-domain.com\/wp-content\/uploads\/2024\/05\/cd4ab4a0-143d-4ce9-bbc9-d255836c2b9e-1024x571.jpg\" alt=\"\" class=\"wp-image-241 size-full\" srcset=\"https:\/\/gallettidigallarate.com\/wp-content\/uploads\/2024\/05\/cd4ab4a0-143d-4ce9-bbc9-d255836c2b9e-1024x571.jpg 1024w, https:\/\/gallettidigallarate.com\/wp-content\/uploads\/2024\/05\/cd4ab4a0-143d-4ce9-bbc9-d255836c2b9e-scaled-900x502.jpg 900w, https:\/\/gallettidigallarate.com\/wp-content\/uploads\/2024\/05\/cd4ab4a0-143d-4ce9-bbc9-d255836c2b9e-300x167.jpg 300w, https:\/\/gallettidigallarate.com\/wp-content\/uploads\/2024\/05\/cd4ab4a0-143d-4ce9-bbc9-d255836c2b9e-768x428.jpg 768w, https:\/\/gallettidigallarate.com\/wp-content\/uploads\/2024\/05\/cd4ab4a0-143d-4ce9-bbc9-d255836c2b9e-1536x857.jpg 1536w, https:\/\/gallettidigallarate.com\/wp-content\/uploads\/2024\/05\/cd4ab4a0-143d-4ce9-bbc9-d255836c2b9e-2048x1142.jpg 2048w\" sizes=\"auto, (max-width: 1024px) 100vw, 1024px\" \/><\/figure><div class=\"wp-block-media-text__content\">\n<p>Poi cos\u2019altro mangiavano a Gallarate?<\/p>\n\n\n\n<p>Beh il resto \u00e8 pi\u00f9 semplice. Ogni anno, in occasione della Geoubia, una festa in cui un fantoccio con le sembianze di una strega viene arso al centro della citt\u00e0, il comitato locale festeggia col classico risotto zafferano e salsiccia. Questa prelibatezza rendeva famosa Gallarate sia a livello locale, per la tradizionalit\u00e0 di questo piatto, sia perch\u00e9 con questo piatto ottennero il guinness world record come pi\u00f9 grande risottata al mondo nel 1998.<\/p>\n\n\n\n<p>Per\u00f2 il riso nel ripieno di un raviolo proprio non ci st\u00e0 bene, meglio usare le patate, dalla consistenza simile ma pi\u00f9 semplici da accompagnare agli altri ingredienti.<\/p>\n\n\n\n<p>Ecco! Finalmente sono nati i Galletti di Gallarate!<\/p>\n\n\n\n<h3 class=\"wp-block-heading\">Il lancio<\/h3>\n\n\n\n<p>Per\u00f2 prima \u00e8 meglio sperimentare un pochino e vedere se davvero pu\u00f2 essere un piatto apprezzato tanto da diventare una tradizione della citt\u00e0. Conviene cominciare a farlo assaggiare ai clienti pi\u00f9 fidati e magari anche a qualcuno di passaggio, meglio chiamarli, per adesso,\u201cTop secret\u201d e incuriosire il pubblico mantenendo tutto ancora segreto.<\/p>\n\n\n\n<p>Questi \u201ctop secret\u201d ebbero da subito un enorme successo e quindi il 28 luglio del 2008 si organizz\u00f2 una bellissima festa cittadina con il popolo gallaratese, assessori e sindaco erano davanti agli altri per presentare finalmente i GALLETTI DI GALLARATE.<\/p>\n\n\n\n<p><\/p>\n<\/div><\/div>\n\n\n\n<div class=\"wp-block-media-text has-media-on-the-right is-stacked-on-mobile\" style=\"grid-template-columns:auto 43%\"><div class=\"wp-block-media-text__content\">\n<p>Assieme al prodotto venne presentato anche un carinissimo logo che rappresentava il \u201cgalletto\u201d bianco intento a mordere il collo del &#8220;galletto&#8221; rosso.<\/p>\n\n\n\n<h3 class=\"wp-block-heading\">Il successo de &#8220;i Galletti di Gallarate&#8221;<\/h3>\n\n\n\n<p><a href=\"https:\/\/www.laprovinciadivarese.it\/i-galletti-ravioli-tipici-di-gallarate-alzano-la-cresta-per-sfondare-249001\/\">Negli anni Gallarate si \u00e8 sempre di pi\u00f9 affezionata a Michele riconoscendogli nel 2019 il premio di cittadino benemerito, grati di aver regalato la sua inventiva alla citt\u00e0<\/a>. Oggi questo piatto \u00e8 ormai una tradizione sulle tavole della citt\u00e0 nei giorni di festa ed \u00e8 famoso tanto quanto i celebri amaretti ma si distingue da tutti i dolci degli altri paesini.<\/p>\n\n\n\n<h3 class=\"wp-block-heading\">L&#8217;eredit\u00e0 de &#8220;i Galletti di Gallarate&#8221;<\/h3>\n\n\n\n<p>Il figlio di Michele e Ornella \u00e8 ormai cresciuto ed \u00e8 entrato a piene mani nell\u2019azienda di famiglia portando novit\u00e0 ed impegnandosi a far ricordare la sua mamma scomparsa prematuramente ma che in tutta questa storia \u00e8 stato un elemento silente ma fondamentale.<\/p>\n\n\n\n<p>Questa \u00e8 la storia dei Galletti di Gallarate, nati una mattina al bar come in tante narrazioni moderne da una giovane coppia di sposini che hanno conquistato il cuore della loro citt\u00e0 e che sperano di non essere mai dimenticati.<\/p>\n<\/div><figure class=\"wp-block-media-text__media\"><img loading=\"lazy\" decoding=\"async\" width=\"1024\" height=\"1024\" src=\"https:\/\/gallettidigallarate-com.preview-domain.com\/wp-content\/uploads\/2024\/05\/Progetto-senza-titolo-3-1024x1024.png\" alt=\"\" class=\"wp-image-117 size-full\" srcset=\"https:\/\/gallettidigallarate.com\/wp-content\/uploads\/2024\/05\/Progetto-senza-titolo-3-1024x1024.png 1024w, https:\/\/gallettidigallarate.com\/wp-content\/uploads\/2024\/05\/Progetto-senza-titolo-3-300x300.png 300w, https:\/\/gallettidigallarate.com\/wp-content\/uploads\/2024\/05\/Progetto-senza-titolo-3-150x150.png 150w, https:\/\/gallettidigallarate.com\/wp-content\/uploads\/2024\/05\/Progetto-senza-titolo-3-768x768.png 768w, https:\/\/gallettidigallarate.com\/wp-content\/uploads\/2024\/05\/Progetto-senza-titolo-3-600x600.png 600w, https:\/\/gallettidigallarate.com\/wp-content\/uploads\/2024\/05\/Progetto-senza-titolo-3-900x900.png 900w, https:\/\/gallettidigallarate.com\/wp-content\/uploads\/2024\/05\/Progetto-senza-titolo-3-100x100.png 100w, https:\/\/gallettidigallarate.com\/wp-content\/uploads\/2024\/05\/Progetto-senza-titolo-3-50x50.png 50w, https:\/\/gallettidigallarate.com\/wp-content\/uploads\/2024\/05\/Progetto-senza-titolo-3-110x110.png 110w, https:\/\/gallettidigallarate.com\/wp-content\/uploads\/2024\/05\/Progetto-senza-titolo-3.png 1280w\" sizes=\"auto, (max-width: 1024px) 100vw, 1024px\" \/><\/figure><\/div>\n","protected":false},"excerpt":{"rendered":"<p>L&#8217;ispirazione Oggi vi racconto di come sono nati i Galletti di Gallarate. Una mattina come tante, i coniugi proprietari della [&hellip;]<\/p>\n","protected":false},"author":1,"featured_media":0,"parent":0,"menu_order":0,"comment_status":"closed","ping_status":"closed","template":"","meta":{"site-sidebar-layout":"default","site-content-layout":"","ast-site-content-layout":"","site-content-style":"default","site-sidebar-style":"default","ast-global-header-display":"","ast-banner-title-visibility":"","ast-main-header-display":"","ast-hfb-above-header-display":"","ast-hfb-below-header-display":"","ast-hfb-mobile-header-display":"","site-post-title":"","ast-breadcrumbs-content":"","ast-featured-img":"","footer-sml-layout":"","theme-transparent-header-meta":"","adv-header-id-meta":"","stick-header-meta":"","header-above-stick-meta":"","header-main-stick-meta":"","header-below-stick-meta":"","astra-migrate-meta-layouts":"default","ast-page-background-enabled":"default","ast-page-background-meta":{"desktop":{"background-color":"var(--ast-global-color-4)","background-image":"","background-repeat":"repeat","background-position":"center center","background-size":"auto","background-attachment":"scroll","background-type":"","background-media":"","overlay-type":"","overlay-color":"","overlay-opacity":"","overlay-gradient":""},"tablet":{"background-color":"","background-image":"","background-repeat":"repeat","background-position":"center center","background-size":"auto","background-attachment":"scroll","background-type":"","background-media":"","overlay-type":"","overlay-color":"","overlay-opacity":"","overlay-gradient":""},"mobile":{"background-color":"","background-image":"","background-repeat":"repeat","background-position":"center center","background-size":"auto","background-attachment":"scroll","background-type":"","background-media":"","overlay-type":"","overlay-color":"","overlay-opacity":"","overlay-gradient":""}},"ast-content-background-meta":{"desktop":{"background-color":"var(--ast-global-color-5)","background-image":"","background-repeat":"repeat","background-position":"center center","background-size":"auto","background-attachment":"scroll","background-type":"","background-media":"","overlay-type":"","overlay-color":"","overlay-opacity":"","overlay-gradient":""},"tablet":{"background-color":"var(--ast-global-color-5)","background-image":"","background-repeat":"repeat","background-position":"center center","background-size":"auto","background-attachment":"scroll","background-type":"","background-media":"","overlay-type":"","overlay-color":"","overlay-opacity":"","overlay-gradient":""},"mobile":{"background-color":"var(--ast-global-color-5)","background-image":"","background-repeat":"repeat","background-position":"center center","background-size":"auto","background-attachment":"scroll","background-type":"","background-media":"","overlay-type":"","overlay-color":"","overlay-opacity":"","overlay-gradient":""}},"footnotes":""},"class_list":["post-165","page","type-page","status-publish","hentry"],"yoast_head":"<!-- This site is optimized with the Yoast SEO plugin v23.7 - https:\/\/yoast.com\/wordpress\/plugins\/seo\/ -->\n<title>Galletti di Gallarate -<\/title>\n<meta name=\"description\" content=\"I Galletti di Gallarate, un nuovo raviolo, diventano il simbolo culinario della citt\u00e0, creati per celebrare la tradizione e l&#039;innovazione.\" \/>\n<meta name=\"robots\" content=\"index, follow, max-snippet:-1, max-image-preview:large, max-video-preview:-1\" \/>\n<link rel=\"canonical\" href=\"https:\/\/gallettidigallarate.com\/index.php\/galletti-di-gallarate\/\" \/>\n<meta property=\"og:locale\" content=\"it_IT\" \/>\n<meta property=\"og:type\" content=\"article\" \/>\n<meta property=\"og:title\" content=\"Galletti di Gallarate -\" \/>\n<meta property=\"og:description\" content=\"I Galletti di Gallarate, un nuovo raviolo, diventano il simbolo culinario della citt\u00e0, creati per celebrare la tradizione e l&#039;innovazione.\" \/>\n<meta property=\"og:url\" content=\"https:\/\/gallettidigallarate.com\/index.php\/galletti-di-gallarate\/\" \/>\n<meta property=\"article:publisher\" content=\"https:\/\/www.facebook.com\/p\/Galletti-di-Gallarate-100037187121528\/?locale=it_IT\" \/>\n<meta property=\"article:modified_time\" content=\"2024-07-06T16:13:19+00:00\" \/>\n<meta property=\"og:image\" content=\"https:\/\/gallettidigallarate-com.preview-domain.com\/wp-content\/uploads\/2024\/05\/d6e4fe99-01fe-4fce-8832-d07d801bf6ba-843x1024.jpg\" \/>\n<meta name=\"twitter:card\" content=\"summary_large_image\" \/>\n<meta name=\"twitter:label1\" content=\"Tempo di lettura stimato\" \/>\n\t<meta name=\"twitter:data1\" content=\"6 minuti\" \/>\n<script type=\"application\/ld+json\" class=\"yoast-schema-graph\">{\"@context\":\"https:\/\/schema.org\",\"@graph\":[{\"@type\":\"WebPage\",\"@id\":\"https:\/\/gallettidigallarate.com\/index.php\/galletti-di-gallarate\/\",\"url\":\"https:\/\/gallettidigallarate.com\/index.php\/galletti-di-gallarate\/\",\"name\":\"Galletti di Gallarate -\",\"isPartOf\":{\"@id\":\"https:\/\/gallettidigallarate.com\/#website\"},\"primaryImageOfPage\":{\"@id\":\"https:\/\/gallettidigallarate.com\/index.php\/galletti-di-gallarate\/#primaryimage\"},\"image\":{\"@id\":\"https:\/\/gallettidigallarate.com\/index.php\/galletti-di-gallarate\/#primaryimage\"},\"thumbnailUrl\":\"https:\/\/gallettidigallarate-com.preview-domain.com\/wp-content\/uploads\/2024\/05\/d6e4fe99-01fe-4fce-8832-d07d801bf6ba-843x1024.jpg\",\"datePublished\":\"2024-05-20T09:59:09+00:00\",\"dateModified\":\"2024-07-06T16:13:19+00:00\",\"description\":\"I Galletti di Gallarate, un nuovo raviolo, diventano il simbolo culinario della citt\u00e0, creati per celebrare la tradizione e l'innovazione.\",\"breadcrumb\":{\"@id\":\"https:\/\/gallettidigallarate.com\/index.php\/galletti-di-gallarate\/#breadcrumb\"},\"inLanguage\":\"it-IT\",\"potentialAction\":[{\"@type\":\"ReadAction\",\"target\":[\"https:\/\/gallettidigallarate.com\/index.php\/galletti-di-gallarate\/\"]}]},{\"@type\":\"ImageObject\",\"inLanguage\":\"it-IT\",\"@id\":\"https:\/\/gallettidigallarate.com\/index.php\/galletti-di-gallarate\/#primaryimage\",\"url\":\"https:\/\/gallettidigallarate-com.preview-domain.com\/wp-content\/uploads\/2024\/05\/d6e4fe99-01fe-4fce-8832-d07d801bf6ba-843x1024.jpg\",\"contentUrl\":\"https:\/\/gallettidigallarate-com.preview-domain.com\/wp-content\/uploads\/2024\/05\/d6e4fe99-01fe-4fce-8832-d07d801bf6ba-843x1024.jpg\"},{\"@type\":\"BreadcrumbList\",\"@id\":\"https:\/\/gallettidigallarate.com\/index.php\/galletti-di-gallarate\/#breadcrumb\",\"itemListElement\":[{\"@type\":\"ListItem\",\"position\":1,\"name\":\"Home\",\"item\":\"https:\/\/gallettidigallarate.com\/\"},{\"@type\":\"ListItem\",\"position\":2,\"name\":\"Galletti di Gallarate\"}]},{\"@type\":\"WebSite\",\"@id\":\"https:\/\/gallettidigallarate.com\/#website\",\"url\":\"https:\/\/gallettidigallarate.com\/\",\"name\":\"Galletti di Gallarate\",\"description\":\"\",\"publisher\":{\"@id\":\"https:\/\/gallettidigallarate.com\/#organization\"},\"potentialAction\":[{\"@type\":\"SearchAction\",\"target\":{\"@type\":\"EntryPoint\",\"urlTemplate\":\"https:\/\/gallettidigallarate.com\/?s={search_term_string}\"},\"query-input\":{\"@type\":\"PropertyValueSpecification\",\"valueRequired\":true,\"valueName\":\"search_term_string\"}}],\"inLanguage\":\"it-IT\"},{\"@type\":\"Organization\",\"@id\":\"https:\/\/gallettidigallarate.com\/#organization\",\"name\":\"Galletti di Gallarate\",\"url\":\"https:\/\/gallettidigallarate.com\/\",\"logo\":{\"@type\":\"ImageObject\",\"inLanguage\":\"it-IT\",\"@id\":\"https:\/\/gallettidigallarate.com\/#\/schema\/logo\/image\/\",\"url\":\"https:\/\/gallettidigallarate.com\/wp-content\/uploads\/2024\/05\/Progetto-senza-titolo-3.png\",\"contentUrl\":\"https:\/\/gallettidigallarate.com\/wp-content\/uploads\/2024\/05\/Progetto-senza-titolo-3.png\",\"width\":\"1280\",\"height\":\"1280\",\"caption\":\"Galletti di Gallarate\"},\"image\":{\"@id\":\"https:\/\/gallettidigallarate.com\/#\/schema\/logo\/image\/\"},\"sameAs\":[\"https:\/\/www.facebook.com\/p\/Galletti-di-Gallarate-100037187121528\/?locale=it_IT\",\"https:\/\/www.instagram.com\/gallettidigallarate\/\"]}]}<\/script>\n<!-- \/ Yoast SEO plugin. -->","yoast_head_json":{"title":"Galletti di Gallarate -","description":"I Galletti di Gallarate, un nuovo raviolo, diventano il simbolo culinario della citt\u00e0, creati per celebrare la tradizione e l'innovazione.","robots":{"index":"index","follow":"follow","max-snippet":"max-snippet:-1","max-image-preview":"max-image-preview:large","max-video-preview":"max-video-preview:-1"},"canonical":"https:\/\/gallettidigallarate.com\/index.php\/galletti-di-gallarate\/","og_locale":"it_IT","og_type":"article","og_title":"Galletti di Gallarate -","og_description":"I Galletti di Gallarate, un nuovo raviolo, diventano il simbolo culinario della citt\u00e0, creati per celebrare la tradizione e l'innovazione.","og_url":"https:\/\/gallettidigallarate.com\/index.php\/galletti-di-gallarate\/","article_publisher":"https:\/\/www.facebook.com\/p\/Galletti-di-Gallarate-100037187121528\/?locale=it_IT","article_modified_time":"2024-07-06T16:13:19+00:00","og_image":[{"url":"https:\/\/gallettidigallarate-com.preview-domain.com\/wp-content\/uploads\/2024\/05\/d6e4fe99-01fe-4fce-8832-d07d801bf6ba-843x1024.jpg"}],"twitter_card":"summary_large_image","twitter_misc":{"Tempo di lettura stimato":"6 minuti"},"schema":{"@context":"https:\/\/schema.org","@graph":[{"@type":"WebPage","@id":"https:\/\/gallettidigallarate.com\/index.php\/galletti-di-gallarate\/","url":"https:\/\/gallettidigallarate.com\/index.php\/galletti-di-gallarate\/","name":"Galletti di Gallarate -","isPartOf":{"@id":"https:\/\/gallettidigallarate.com\/#website"},"primaryImageOfPage":{"@id":"https:\/\/gallettidigallarate.com\/index.php\/galletti-di-gallarate\/#primaryimage"},"image":{"@id":"https:\/\/gallettidigallarate.com\/index.php\/galletti-di-gallarate\/#primaryimage"},"thumbnailUrl":"https:\/\/gallettidigallarate-com.preview-domain.com\/wp-content\/uploads\/2024\/05\/d6e4fe99-01fe-4fce-8832-d07d801bf6ba-843x1024.jpg","datePublished":"2024-05-20T09:59:09+00:00","dateModified":"2024-07-06T16:13:19+00:00","description":"I Galletti di Gallarate, un nuovo raviolo, diventano il simbolo culinario della citt\u00e0, creati per celebrare la tradizione e l'innovazione.","breadcrumb":{"@id":"https:\/\/gallettidigallarate.com\/index.php\/galletti-di-gallarate\/#breadcrumb"},"inLanguage":"it-IT","potentialAction":[{"@type":"ReadAction","target":["https:\/\/gallettidigallarate.com\/index.php\/galletti-di-gallarate\/"]}]},{"@type":"ImageObject","inLanguage":"it-IT","@id":"https:\/\/gallettidigallarate.com\/index.php\/galletti-di-gallarate\/#primaryimage","url":"https:\/\/gallettidigallarate-com.preview-domain.com\/wp-content\/uploads\/2024\/05\/d6e4fe99-01fe-4fce-8832-d07d801bf6ba-843x1024.jpg","contentUrl":"https:\/\/gallettidigallarate-com.preview-domain.com\/wp-content\/uploads\/2024\/05\/d6e4fe99-01fe-4fce-8832-d07d801bf6ba-843x1024.jpg"},{"@type":"BreadcrumbList","@id":"https:\/\/gallettidigallarate.com\/index.php\/galletti-di-gallarate\/#breadcrumb","itemListElement":[{"@type":"ListItem","position":1,"name":"Home","item":"https:\/\/gallettidigallarate.com\/"},{"@type":"ListItem","position":2,"name":"Galletti di Gallarate"}]},{"@type":"WebSite","@id":"https:\/\/gallettidigallarate.com\/#website","url":"https:\/\/gallettidigallarate.com\/","name":"Galletti di Gallarate","description":"","publisher":{"@id":"https:\/\/gallettidigallarate.com\/#organization"},"potentialAction":[{"@type":"SearchAction","target":{"@type":"EntryPoint","urlTemplate":"https:\/\/gallettidigallarate.com\/?s={search_term_string}"},"query-input":{"@type":"PropertyValueSpecification","valueRequired":true,"valueName":"search_term_string"}}],"inLanguage":"it-IT"},{"@type":"Organization","@id":"https:\/\/gallettidigallarate.com\/#organization","name":"Galletti di Gallarate","url":"https:\/\/gallettidigallarate.com\/","logo":{"@type":"ImageObject","inLanguage":"it-IT","@id":"https:\/\/gallettidigallarate.com\/#\/schema\/logo\/image\/","url":"https:\/\/gallettidigallarate.com\/wp-content\/uploads\/2024\/05\/Progetto-senza-titolo-3.png","contentUrl":"https:\/\/gallettidigallarate.com\/wp-content\/uploads\/2024\/05\/Progetto-senza-titolo-3.png","width":"1280","height":"1280","caption":"Galletti di Gallarate"},"image":{"@id":"https:\/\/gallettidigallarate.com\/#\/schema\/logo\/image\/"},"sameAs":["https:\/\/www.facebook.com\/p\/Galletti-di-Gallarate-100037187121528\/?locale=it_IT","https:\/\/www.instagram.com\/gallettidigallarate\/"]}]}},"_links":{"self":[{"href":"https:\/\/gallettidigallarate.com\/index.php\/wp-json\/wp\/v2\/pages\/165","targetHints":{"allow":["GET"]}}],"collection":[{"href":"https:\/\/gallettidigallarate.com\/index.php\/wp-json\/wp\/v2\/pages"}],"about":[{"href":"https:\/\/gallettidigallarate.com\/index.php\/wp-json\/wp\/v2\/types\/page"}],"author":[{"embeddable":true,"href":"https:\/\/gallettidigallarate.com\/index.php\/wp-json\/wp\/v2\/users\/1"}],"replies":[{"embeddable":true,"href":"https:\/\/gallettidigallarate.com\/index.php\/wp-json\/wp\/v2\/comments?post=165"}],"version-history":[{"count":9,"href":"https:\/\/gallettidigallarate.com\/index.php\/wp-json\/wp\/v2\/pages\/165\/revisions"}],"predecessor-version":[{"id":555,"href":"https:\/\/gallettidigallarate.com\/index.php\/wp-json\/wp\/v2\/pages\/165\/revisions\/555"}],"wp:attachment":[{"href":"https:\/\/gallettidigallarate.com\/index.php\/wp-json\/wp\/v2\/media?parent=165"}],"curies":[{"name":"wp","href":"https:\/\/api.w.org\/{rel}","templated":true}]}}